{"id":151,"date":"2024-01-24T22:32:32","date_gmt":"2024-01-24T21:32:32","guid":{"rendered":"https:\/\/kulturaf.com\/?page_id=151"},"modified":"2024-01-30T16:06:54","modified_gmt":"2024-01-30T15:06:54","slug":"contact-devis","status":"publish","type":"page","link":"https:\/\/kulturaf.com\/index.php\/contact-devis\/","title":{"rendered":"Contact\/Devis"},"content":{"rendered":"\t\t<div data-elementor-type=\"wp-page\" data-elementor-id=\"151\" class=\"elementor elementor-151\">\n\t\t\t\t\t\t\t\t\t<section class=\"elementor-section elementor-top-section elementor-element elementor-element-303a09e0 elementor-section-stretched elementor-section-height-min-height elementor-section-boxed elementor-section-height-default elementor-section-items-middle\" data-id=\"303a09e0\" data-element_type=\"section\" data-settings=\"{&quot;stretch_section&quot;:&quot;section-stretched&quot;,&quot;background_background&quot;:&quot;classic&quot;}\">\n\t\t\t\t\t\t\t<div class=\"elementor-background-overlay\"><\/div>\n\t\t\t\t\t\t\t<div class=\"elementor-container elementor-column-gap-default\">\n\t\t\t\t\t<div class=\"elementor-column elementor-col-100 elementor-top-column elementor-element elementor-element-53804f70\" data-id=\"53804f70\" data-element_type=\"column\" data-settings=\"{&quot;background_background&quot;:&quot;classic&quot;}\">\n\t\t\t<div class=\"elementor-widget-wrap elementor-element-populated\">\n\t\t\t\t\t\t\t\t<div class=\"elementor-element elementor-element-82cd1dd elementor-widget__width-initial elementor-widget elementor-widget-wpforms\" data-id=\"82cd1dd\" data-element_type=\"widget\" data-widget_type=\"wpforms.default\">\n\t\t\t\t<div class=\"elementor-widget-container\">\n\t\t\t<style id=\"wpforms-css-vars-root\">\n\t\t\t\t:root {\n\t\t\t\t\t--wpforms-field-border-radius: 3px;\n--wpforms-field-background-color: #ffffff;\n--wpforms-field-border-color: rgba( 0, 0, 0, 0.25 );\n--wpforms-field-text-color: rgba( 0, 0, 0, 0.7 );\n--wpforms-label-color: rgba( 0, 0, 0, 0.85 );\n--wpforms-label-sublabel-color: rgba( 0, 0, 0, 0.55 );\n--wpforms-label-error-color: #d63637;\n--wpforms-button-border-radius: 3px;\n--wpforms-button-background-color: #066aab;\n--wpforms-button-text-color: #ffffff;\n--wpforms-field-size-input-height: 43px;\n--wpforms-field-size-input-spacing: 15px;\n--wpforms-field-size-font-size: 16px;\n--wpforms-field-size-line-height: 19px;\n--wpforms-field-size-padding-h: 14px;\n--wpforms-field-size-checkbox-size: 16px;\n--wpforms-field-size-sublabel-spacing: 5px;\n--wpforms-field-size-icon-size: 1;\n--wpforms-label-size-font-size: 16px;\n--wpforms-label-size-line-height: 19px;\n--wpforms-label-size-sublabel-font-size: 14px;\n--wpforms-label-size-sublabel-line-height: 17px;\n--wpforms-button-size-font-size: 17px;\n--wpforms-button-size-height: 41px;\n--wpforms-button-size-padding-h: 15px;\n--wpforms-button-size-margin-top: 10px;\n\n\t\t\t\t}\n\t\t\t<\/style><style id=\"wpforms-css-vars-elementor-widget-82cd1dd\">\n\t\t\t\t.elementor-widget-wpforms.elementor-element-82cd1dd {\n\t\t\t\t\t--wpforms-field-size-input-height: 43px;\n--wpforms-field-size-input-spacing: 15px;\n--wpforms-field-size-font-size: 16px;\n--wpforms-field-size-line-height: 19px;\n--wpforms-field-size-padding-h: 14px;\n--wpforms-field-size-checkbox-size: 16px;\n--wpforms-field-size-sublabel-spacing: 5px;\n--wpforms-field-size-icon-size: 1;\n--wpforms-label-size-font-size: 16px;\n--wpforms-label-size-line-height: 19px;\n--wpforms-label-size-sublabel-font-size: 14px;\n--wpforms-label-size-sublabel-line-height: 17px;\n--wpforms-button-size-font-size: 17px;\n--wpforms-button-size-height: 41px;\n--wpforms-button-size-padding-h: 15px;\n--wpforms-button-size-margin-top: 10px;\n\n\t\t\t\t}\n\t\t\t<\/style><div class=\"wpforms-container wpforms-container-full wpforms-render-modern\" id=\"wpforms-231\"><form id=\"wpforms-form-231\" class=\"wpforms-validate wpforms-form wpforms-ajax-form\" data-formid=\"231\" method=\"post\" enctype=\"multipart\/form-data\" action=\"\/index.php\/wp-json\/wp\/v2\/pages\/151\" data-token=\"52478f4597abfe78f102cc1b36fb0d19\"><noscript class=\"wpforms-error-noscript\">Veuillez activer JavaScript dans votre navigateur pour remplir ce formulaire.<\/noscript><div class=\"wpforms-hidden\" id=\"wpforms-error-noscript\">Veuillez activer JavaScript dans votre navigateur pour remplir ce formulaire.<\/div><div class=\"wpforms-field-container\"><div id=\"wpforms-231-field_1-container\" class=\"wpforms-field wpforms-field-name\" data-field-id=\"1\"><fieldset><legend class=\"wpforms-field-label\">Pr\u00e9nom et Nom <span class=\"wpforms-required-label\" aria-hidden=\"true\">*<\/span><\/legend><div class=\"wpforms-field-row wpforms-field-medium\"><div class=\"wpforms-field-row-block wpforms-first wpforms-one-half\"><input type=\"text\" id=\"wpforms-231-field_1\" class=\"wpforms-field-name-first wpforms-field-required\" name=\"wpforms[fields][1][first]\" aria-errormessage=\"wpforms-231-field_1-error\" required><label for=\"wpforms-231-field_1\" class=\"wpforms-field-sublabel after \">Pr\u00e9nom<\/label><\/div><div class=\"wpforms-field-row-block wpforms-one-half\"><input type=\"text\" id=\"wpforms-231-field_1-last\" class=\"wpforms-field-name-last wpforms-field-required\" name=\"wpforms[fields][1][last]\" aria-errormessage=\"wpforms-231-field_1-last-error\" required><label for=\"wpforms-231-field_1-last\" class=\"wpforms-field-sublabel after \">Nom<\/label><\/div><\/div><\/fieldset><\/div><div id=\"wpforms-231-field_2-container\" class=\"wpforms-field wpforms-field-email\" data-field-id=\"2\"><label class=\"wpforms-field-label\" for=\"wpforms-231-field_2\">Email <span class=\"wpforms-required-label\" aria-hidden=\"true\">*<\/span><\/label><input type=\"email\" id=\"wpforms-231-field_2\" class=\"wpforms-field-medium wpforms-field-required\" name=\"wpforms[fields][2]\" spellcheck=\"false\" aria-errormessage=\"wpforms-231-field_2-error\" required><\/div><div id=\"wpforms-231-field_46-container\" class=\"wpforms-field wpforms-field-text\" data-field-id=\"46\"><label class=\"wpforms-field-label\" for=\"wpforms-231-field_46\">T\u00e9l\u00e9phone <span class=\"wpforms-required-label\" aria-hidden=\"true\">*<\/span><\/label><input type=\"text\" id=\"wpforms-231-field_46\" class=\"wpforms-field-medium wpforms-field-required\" name=\"wpforms[fields][46]\" aria-errormessage=\"wpforms-231-field_46-error\" required><\/div><div id=\"wpforms-231-field_32-container\" class=\"wpforms-field wpforms-field-text\" data-field-id=\"32\"><label class=\"wpforms-field-label\" for=\"wpforms-231-field_32\">Entreprise <span class=\"wpforms-required-label\" aria-hidden=\"true\">*<\/span><\/label><input type=\"text\" id=\"wpforms-231-field_32\" class=\"wpforms-field-medium wpforms-field-required\" name=\"wpforms[fields][32]\" aria-errormessage=\"wpforms-231-field_32-error\" required><\/div><div id=\"wpforms-231-field_33-container\" class=\"wpforms-field wpforms-field-text\" data-field-id=\"33\"><label class=\"wpforms-field-label\" for=\"wpforms-231-field_33\">Nom de produit<\/label><input type=\"text\" id=\"wpforms-231-field_33\" class=\"wpforms-field-medium\" name=\"wpforms[fields][33]\" aria-errormessage=\"wpforms-231-field_33-error\" ><\/div><div id=\"wpforms-231-field_34-container\" class=\"wpforms-field wpforms-field-number\" data-field-id=\"34\"><label class=\"wpforms-field-label\" for=\"wpforms-231-field_34\">Quantit\u00e9\/Kg<\/label><input type=\"number\" pattern=\"\\d*\" id=\"wpforms-231-field_34\" class=\"wpforms-field-medium\" name=\"wpforms[fields][34]\" aria-errormessage=\"wpforms-231-field_34-error\" ><\/div><div id=\"wpforms-231-field_43-container\" class=\"wpforms-field wpforms-field-checkbox\" data-field-id=\"43\"><fieldset><legend class=\"wpforms-field-label\">Livraison<\/legend><ul id=\"wpforms-231-field_43\" data-choice-limit=\"1\"><li class=\"choice-2 depth-1\"><input type=\"checkbox\" id=\"wpforms-231-field_43_2\" data-rule-check-limit=\"true\" name=\"wpforms[fields][43][]\" value=\"FOB\" aria-errormessage=\"wpforms-231-field_43_2-error\"  ><label class=\"wpforms-field-label-inline\" for=\"wpforms-231-field_43_2\">FOB<\/label><\/li><li class=\"choice-3 depth-1\"><input type=\"checkbox\" id=\"wpforms-231-field_43_3\" data-rule-check-limit=\"true\" name=\"wpforms[fields][43][]\" value=\"CIF\" aria-errormessage=\"wpforms-231-field_43_3-error\"  ><label class=\"wpforms-field-label-inline\" for=\"wpforms-231-field_43_3\">CIF<\/label><\/li><li class=\"choice-4 depth-1\"><input type=\"checkbox\" id=\"wpforms-231-field_43_4\" data-rule-check-limit=\"true\" name=\"wpforms[fields][43][]\" value=\"Autre (preciser dans message)\" aria-errormessage=\"wpforms-231-field_43_4-error\"  ><label class=\"wpforms-field-label-inline\" for=\"wpforms-231-field_43_4\">Autre (preciser dans message)<\/label><\/li><\/ul><\/fieldset><\/div><div id=\"wpforms-231-field_47-container\" class=\"wpforms-field wpforms-field-text\" data-field-id=\"47\"><label class=\"wpforms-field-label\" for=\"wpforms-231-field_47\">Adresse de Livraison<\/label><input type=\"text\" id=\"wpforms-231-field_47\" class=\"wpforms-field-medium\" name=\"wpforms[fields][47]\" placeholder=\"Address Line 1\" aria-errormessage=\"wpforms-231-field_47-error\" ><\/div><div id=\"wpforms-231-field_48-container\" class=\"wpforms-field wpforms-field-text\" data-field-id=\"48\"><label class=\"wpforms-field-label wpforms-label-hide\" for=\"wpforms-231-field_48\" aria-hidden=\"false\">Compl\u00e9ment d&#039;adresse<\/label><input type=\"text\" id=\"wpforms-231-field_48\" class=\"wpforms-field-medium\" name=\"wpforms[fields][48]\" placeholder=\"Address Line 2\" aria-errormessage=\"wpforms-231-field_48-error\" ><\/div><div id=\"wpforms-231-field_49-container\" class=\"wpforms-field wpforms-field-text\" data-field-id=\"49\"><label class=\"wpforms-field-label\" for=\"wpforms-231-field_49\">Ville<\/label><input type=\"text\" id=\"wpforms-231-field_49\" class=\"wpforms-field-medium\" name=\"wpforms[fields][49]\" aria-errormessage=\"wpforms-231-field_49-error\" ><\/div><div id=\"wpforms-231-field_50-container\" class=\"wpforms-field wpforms-field-text\" data-field-id=\"50\"><label class=\"wpforms-field-label\" for=\"wpforms-231-field_50\">Etat \/ Province \/ R\u00e9gion<\/label><input type=\"text\" id=\"wpforms-231-field_50\" class=\"wpforms-field-medium\" name=\"wpforms[fields][50]\" aria-errormessage=\"wpforms-231-field_50-error\" ><\/div><div id=\"wpforms-231-field_51-container\" class=\"wpforms-field wpforms-field-text\" data-field-id=\"51\"><label class=\"wpforms-field-label\" for=\"wpforms-231-field_51\">Code Postal<\/label><input type=\"text\" id=\"wpforms-231-field_51\" class=\"wpforms-field-medium\" name=\"wpforms[fields][51]\" aria-errormessage=\"wpforms-231-field_51-error\" ><\/div><div id=\"wpforms-231-field_52-container\" class=\"wpforms-field wpforms-field-text\" data-field-id=\"52\"><label class=\"wpforms-field-label\" for=\"wpforms-231-field_52\">Pays <span class=\"wpforms-required-label\" aria-hidden=\"true\">*<\/span><\/label><input type=\"text\" id=\"wpforms-231-field_52\" class=\"wpforms-field-medium wpforms-field-required\" name=\"wpforms[fields][52]\" aria-errormessage=\"wpforms-231-field_52-error\" required><\/div><div id=\"wpforms-231-field_7-container\" class=\"wpforms-field wpforms-field-textarea\" data-field-id=\"7\"><label class=\"wpforms-field-label\" for=\"wpforms-231-field_7\">Message<\/label><textarea id=\"wpforms-231-field_7\" class=\"wpforms-field-medium\" name=\"wpforms[fields][7]\" aria-errormessage=\"wpforms-231-field_7-error\" ><\/textarea><\/div><\/div><!-- .wpforms-field-container --><div class=\"wpforms-submit-container\" ><input type=\"hidden\" name=\"wpforms[id]\" value=\"231\"><input type=\"hidden\" name=\"wpforms[author]\" value=\"1\"><button type=\"submit\" name=\"wpforms[submit]\" id=\"wpforms-submit-231\" class=\"wpforms-submit\" data-alt-text=\"Envoie en cours...\" data-submit-text=\"Envoyer\" aria-live=\"assertive\" value=\"wpforms-submit\">Envoyer<\/button><img decoding=\"async\" src=\"https:\/\/kulturaf.com\/wp-content\/plugins\/wpforms-lite\/assets\/images\/submit-spin.svg\" class=\"wpforms-submit-spinner\" style=\"display: none;\" width=\"26\" height=\"26\" alt=\"Chargement en cours\"><\/div><\/form><\/div>  <!-- .wpforms-container -->\t\t<\/div>\n\t\t\t\t<\/div>\n\t\t\t\t\t<\/div>\n\t\t<\/div>\n\t\t\t\t\t\t\t<\/div>\n\t\t<\/section>\n\t\t\t\t\t\t\t<\/div>\n\t\t","protected":false},"excerpt":{"rendered":"<p>Veuillez activer JavaScript dans votre navigateur pour remplir ce formulaire.Veuillez activer JavaScript dans votre navigateur pour remplir ce formulaire. Pr\u00e9nom et Nom * Pr\u00e9nomNom Email *T\u00e9l\u00e9phone *Entreprise *Nom de produitQuantit\u00e9\/KgProduct Name Livraison FOB CIF Autre (preciser dans message) Adresse de LivraisonCompl\u00e9ment d&#039;adresseVilleEtat \/ Province \/ R\u00e9gionCode PostalPays *Message Envoyer<\/p>\n","protected":false},"author":1,"featured_media":0,"parent":0,"menu_order":0,"comment_status":"closed","ping_status":"closed","template":"","meta":{"om_disable_all_campaigns":false,"_monsterinsights_skip_tracking":false,"_monsterinsights_sitenote_active":false,"_monsterinsights_sitenote_note":"","_monsterinsights_sitenote_category":0,"footnotes":""},"aioseo_notices":[],"_links":{"self":[{"href":"https:\/\/kulturaf.com\/index.php\/wp-json\/wp\/v2\/pages\/151"}],"collection":[{"href":"https:\/\/kulturaf.com\/index.php\/wp-json\/wp\/v2\/pages"}],"about":[{"href":"https:\/\/kulturaf.com\/index.php\/wp-json\/wp\/v2\/types\/page"}],"author":[{"embeddable":true,"href":"https:\/\/kulturaf.com\/index.php\/wp-json\/wp\/v2\/users\/1"}],"replies":[{"embeddable":true,"href":"https:\/\/kulturaf.com\/index.php\/wp-json\/wp\/v2\/comments?post=151"}],"version-history":[{"count":47,"href":"https:\/\/kulturaf.com\/index.php\/wp-json\/wp\/v2\/pages\/151\/revisions"}],"predecessor-version":[{"id":593,"href":"https:\/\/kulturaf.com\/index.php\/wp-json\/wp\/v2\/pages\/151\/revisions\/593"}],"wp:attachment":[{"href":"https:\/\/kulturaf.com\/index.php\/wp-json\/wp\/v2\/media?parent=151"}],"curies":[{"name":"wp","href":"https:\/\/api.w.org\/{rel}","templated":true}]}}